{"id":16208,"date":"2024-09-16T13:15:08","date_gmt":"2024-09-16T13:15:08","guid":{"rendered":"https:\/\/stage.diamondtours.pt\/?page_id=16208"},"modified":"2024-09-16T13:40:34","modified_gmt":"2024-09-16T13:40:34","slug":"passeio-privado-de-barco","status":"publish","type":"page","link":"https:\/\/stage.diamondtours.pt\/de\/passeio-privado-de-barco\/","title":{"rendered":"Private Bootsfahrt"},"content":{"rendered":"<div data-elementor-type=\"wp-page\" data-elementor-id=\"16208\" class=\"elementor elementor-16208\">\n\t\t\t\t<div class=\"elementor-element elementor-element-70354567 wd-section-stretch-content e-flex e-con-boxed e-con e-parent\" data-id=\"70354567\" data-element_type=\"container\">\n\t\t\t\t\t<div class=\"e-con-inner\">\n\t\t<div class=\"elementor-element elementor-element-c54cf2e e-con-full e-flex e-con e-child\" data-id=\"c54cf2e\" data-element_type=\"container\" data-settings=\"{&quot;background_background&quot;:&quot;classic&quot;}\">\n\t\t\t\t<div class=\"elementor-element elementor-element-6e7e5576 wd-parallax-on-scroll wd_scroll_x_0 wd_scroll_y_-30 wd_scroll_z_0 wd_scroll_smoothness_30 elementor-widget elementor-widget-wd_image_or_svg\" data-id=\"6e7e5576\" data-element_type=\"widget\" data-widget_type=\"wd_image_or_svg.default\">\n\t\t\t\t<div class=\"elementor-widget-container\">\n\t\t\t\t\t\n\t\t<div class=\"wd-image text-right\">\n\t\t\t\t\t\t\t\t<img fetchpriority=\"high\" decoding=\"async\" width=\"2560\" height=\"1920\" src=\"https:\/\/stage.diamondtours.pt\/wp-content\/uploads\/2024\/06\/636a213cada7f012666915-1-scaled.jpg\" class=\"attachment-full size-full\" alt=\"\" srcset=\"https:\/\/stage.diamondtours.pt\/wp-content\/uploads\/2024\/06\/636a213cada7f012666915-1-scaled.jpg 2560w, https:\/\/stage.diamondtours.pt\/wp-content\/uploads\/2024\/06\/636a213cada7f012666915-1-400x300.jpg 400w, https:\/\/stage.diamondtours.pt\/wp-content\/uploads\/2024\/06\/636a213cada7f012666915-1-1067x800.jpg 1067w, https:\/\/stage.diamondtours.pt\/wp-content\/uploads\/2024\/06\/636a213cada7f012666915-1-768x576.jpg 768w, https:\/\/stage.diamondtours.pt\/wp-content\/uploads\/2024\/06\/636a213cada7f012666915-1-1536x1152.jpg 1536w, https:\/\/stage.diamondtours.pt\/wp-content\/uploads\/2024\/06\/636a213cada7f012666915-1-2048x1536.jpg 2048w, https:\/\/stage.diamondtours.pt\/wp-content\/uploads\/2024\/06\/636a213cada7f012666915-1-16x12.jpg 16w, https:\/\/stage.diamondtours.pt\/wp-content\/uploads\/2024\/06\/636a213cada7f012666915-1-430x323.jpg 430w, https:\/\/stage.diamondtours.pt\/wp-content\/uploads\/2024\/06\/636a213cada7f012666915-1-700x525.jpg 700w, https:\/\/stage.diamondtours.pt\/wp-content\/uploads\/2024\/06\/636a213cada7f012666915-1-150x113.jpg 150w\" sizes=\"(max-width: 2560px) 100vw, 2560px\" \/>\t\t\t\t\t<\/div>\n\n\t\t\t\t\t\t<\/div>\n\t\t\t\t<\/div>\n\t\t\t\t<\/div>\n\t\t<div class=\"elementor-element elementor-element-1248e28b e-con-full e-flex e-con e-child\" data-id=\"1248e28b\" data-element_type=\"container\">\n\t\t\t\t<div class=\"elementor-element elementor-element-29949eb6 wd_scroll_y_20 wd-parallax-on-scroll wd-width-100 wd_scroll_smoothness_30 elementor-widget elementor-widget-wd_title\" data-id=\"29949eb6\" data-element_type=\"widget\" data-widget_type=\"wd_title.default\">\n\t\t\t\t<div class=\"elementor-widget-container\">\n\t\t\t\t\t\t\t<div class=\"title-wrapper set-mb-s reset-last-child wd-title-color-default wd-title-style-default wd-title-size-default text-left\">\n\n\t\t\t\n\t\t\t<div class=\"liner-continer\">\n\t\t\t\t<h4 class=\"woodmart-title-container title wd-fontsize-l\">Private Bootsfahrt zu den Benagil-H\u00f6hlen<br \/>\n<br \/>\n<\/h4> \n\t\t\t\t\t\t\t<\/div>\n\n\t\t\t\t\t<\/div>\n\t\t\t\t\t\t<\/div>\n\t\t\t\t<\/div>\n\t\t\t\t<div class=\"elementor-element elementor-element-19597c6c wd-parallax-on-scroll wd_scroll_y_20 wd_scroll_smoothness_30 elementor-widget elementor-widget-wd_text_block\" data-id=\"19597c6c\" data-element_type=\"widget\" data-widget_type=\"wd_text_block.default\">\n\t\t\t\t<div class=\"elementor-widget-container\">\n\t\t\t\t\t\t\t<div class=\"wd-text-block reset-last-child text-left\">\n\t\t\t\n\t\t\t<p>Entdecken Sie die nat\u00fcrliche Sch\u00f6nheit der ber\u00fchmten Benagil-H\u00f6hlen bei einer privaten Bootstour. Segeln Sie entlang des kristallklaren Wassers der Algarvek\u00fcste und erkunden Sie die beeindruckenden Felsformationen, darunter die ber\u00fchmte Benagil-H\u00f6hle, die f\u00fcr ihre atemberaubende offene Decke bekannt ist.<\/p>\n\t\t\t\t\t<\/div>\n\t\t\t\t\t\t<\/div>\n\t\t\t\t<\/div>\n\t\t<div class=\"elementor-element elementor-element-4e1f5f8e e-flex e-con-boxed e-con e-child\" data-id=\"4e1f5f8e\" data-element_type=\"container\">\n\t\t\t\t\t<div class=\"e-con-inner\">\n\t\t\t\t<div class=\"elementor-element elementor-element-3b2f8018 wd_scroll_y_20 wd-parallax-on-scroll elementor-widget__width-initial wd_scroll_smoothness_30 elementor-widget elementor-widget-wd_list\" data-id=\"3b2f8018\" data-element_type=\"widget\" data-widget_type=\"wd_list.default\">\n\t\t\t\t<div class=\"elementor-widget-container\">\n\t\t\t\t\t\t\t<ul class=\"wd-list color-scheme- wd-fontsize-xs wd-list-type-icon wd-list-style-default wd-justify-left\">\n\t\t\t\t\t\t\t\t\t\t\t<li class=\"elementor-repeater-item-8539297\">\n\t\t\t\t\t\t\t\t\t\t\t<svg class=\"list-icon wd-icon e-font-icon-svg e-fas-circle\" viewbox=\"0 0 512 512\" xmlns=\"http:\/\/www.w3.org\/2000\/svg\"><path d=\"M256 8C119 8 8 119 8 256s111 248 248 248 248-111 248-248S393 8 256 8z\"><\/path><\/svg>\t\t\t\t\t\n\t\t\t\t\t<span class=\"list-content\">\n\t\t\t\t\t\tGeburtstage\t\t\t\t\t<\/span>\n\n\t\t\t\t\t\t\t\t\t<\/li>\n\t\t\t\t\t\t\t\t\t\t\t<li class=\"elementor-repeater-item-778422\">\n\t\t\t\t\t\t\t\t\t\t\t<svg class=\"list-icon wd-icon e-font-icon-svg e-fas-circle\" viewbox=\"0 0 512 512\" xmlns=\"http:\/\/www.w3.org\/2000\/svg\"><path d=\"M256 8C119 8 8 119 8 256s111 248 248 248 248-111 248-248S393 8 256 8z\"><\/path><\/svg>\t\t\t\t\t\n\t\t\t\t\t<span class=\"list-content\">\n\t\t\t\t\t\tPrivate Veranstaltungen\t\t\t\t\t<\/span>\n\n\t\t\t\t\t\t\t\t\t<\/li>\n\t\t\t\t\t<\/ul>\n\n\t\t\t\t\t\t<\/div>\n\t\t\t\t<\/div>\n\t\t\t\t<div class=\"elementor-element elementor-element-74d3c1a6 wd_scroll_y_20 wd-parallax-on-scroll elementor-widget__width-initial wd_scroll_smoothness_30 elementor-widget elementor-widget-wd_list\" data-id=\"74d3c1a6\" data-element_type=\"widget\" data-widget_type=\"wd_list.default\">\n\t\t\t\t<div class=\"elementor-widget-container\">\n\t\t\t\t\t\t\t<ul class=\"wd-list color-scheme- wd-fontsize-xs wd-list-type-icon wd-list-style-default wd-justify-left\">\n\t\t\t\t\t\t\t\t\t\t\t<li class=\"elementor-repeater-item-8239964\">\n\t\t\t\t\t\t\t\t\t\t\t<svg class=\"list-icon wd-icon e-font-icon-svg e-fas-circle\" viewbox=\"0 0 512 512\" xmlns=\"http:\/\/www.w3.org\/2000\/svg\"><path d=\"M256 8C119 8 8 119 8 256s111 248 248 248 248-111 248-248S393 8 256 8z\"><\/path><\/svg>\t\t\t\t\t\n\t\t\t\t\t<span class=\"list-content\">\n\t\t\t\t\t\tFirmenveranstaltungen\t\t\t\t\t<\/span>\n\n\t\t\t\t\t\t\t\t\t<\/li>\n\t\t\t\t\t<\/ul>\n\n\t\t\t\t\t\t<\/div>\n\t\t\t\t<\/div>\n\t\t\t\t\t<\/div>\n\t\t\t\t<\/div>\n\t\t<div class=\"elementor-element elementor-element-60cf2bf8 e-flex e-con-boxed e-con e-child\" data-id=\"60cf2bf8\" data-element_type=\"container\">\n\t\t\t\t\t<div class=\"e-con-inner\">\n\t\t\t\t<div class=\"elementor-element elementor-element-72d86a9f elementor-widget__width-auto wd_scroll_y_20 wd-parallax-on-scroll wd_scroll_smoothness_30 elementor-widget elementor-widget-wd_button\" data-id=\"72d86a9f\" data-element_type=\"widget\" data-widget_type=\"wd_button.default\">\n\t\t\t\t<div class=\"elementor-widget-container\">\n\t\t\t\t\t\t\t<div class=\"wd-button-wrapper text-center\" >\n\t\t\t<a class=\"btn btn-style-default btn-style-semi-round btn-size-default btn-color-primary btn-icon-pos-right\"  href=\"\/de\/produkt\/passeio-de-barco-privado\/\">\n\t\t\t\t<span class=\"wd-btn-text\" data-elementor-setting-key=\"text\">\n\t\t\t\t\tBuchung\t\t\t\t<\/span>\n\n\t\t\t\t\t\t\t<\/a>\n\t\t<\/div>\n\t\t\t\t\t\t<\/div>\n\t\t\t\t<\/div>\n\t\t\t\t\t<\/div>\n\t\t\t\t<\/div>\n\t\t\t\t<\/div>\n\t\t\t\t\t<\/div>\n\t\t\t\t<\/div>\n\t\t<div class=\"elementor-element elementor-element-5c70a38a e-flex e-con-boxed e-con e-parent\" data-id=\"5c70a38a\" data-element_type=\"container\">\n\t\t\t\t\t<div class=\"e-con-inner\">\n\t\t\t\t<div class=\"elementor-element elementor-element-1dcdfae3 wd-width-100 elementor-widget elementor-widget-wd_title\" data-id=\"1dcdfae3\" data-element_type=\"widget\" data-widget_type=\"wd_title.default\">\n\t\t\t\t<div class=\"elementor-widget-container\">\n\t\t\t\t\t\t\t<div class=\"title-wrapper set-mb-s reset-last-child wd-title-color-primary wd-title-style-simple wd-title-size-custom text-center\">\n\n\t\t\t\n\t\t\t<div class=\"liner-continer\">\n\t\t\t\t<h4 class=\"woodmart-title-container title\">Kontaktieren Sie uns und sichern Sie sich Ihr exklusives Erlebnis<\/h4> \n\t\t\t\t\t\t\t<\/div>\n\n\t\t\t\t\t\t\t<div class=\"title-after_title set-cont-mb-s reset-last-child\">\n\t\t\t\t\t<p>F\u00fcllen Sie das untenstehende Formular aus und wir werden uns mit Ihnen in Verbindung setzen, um Ihre Buchung zu best\u00e4tigen oder eventuelle Fragen zu beantworten.<\/p>\t\t\t\t<\/div>\n\t\t\t\t\t<\/div>\n\t\t\t\t\t\t<\/div>\n\t\t\t\t<\/div>\n\t\t\t\t\t<\/div>\n\t\t\t\t<\/div>\n\t\t<div class=\"elementor-element elementor-element-35dcf85 e-flex e-con-boxed e-con e-parent\" data-id=\"35dcf85\" data-element_type=\"container\">\n\t\t\t\t\t<div class=\"e-con-inner\">\n\t\t\t\t<div class=\"elementor-element elementor-element-6926c24 elementor-widget elementor-widget-wd_contact_form_7\" data-id=\"6926c24\" data-element_type=\"widget\" data-widget_type=\"wd_contact_form_7.default\">\n\t\t\t\t<div class=\"elementor-widget-container\">\n\t\t\t\t\t\n<div class=\"wpcf7 no-js\" id=\"wpcf7-f16225-o1\" lang=\"pt-PT\" dir=\"ltr\" data-wpcf7-id=\"16225\">\n<div class=\"screen-reader-response\"><p role=\"status\" aria-live=\"polite\" aria-atomic=\"true\"><\/p> <ul><\/ul><\/div>\n<form action=\"\/de\/wp-json\/wp\/v2\/pages\/16208#wpcf7-f16225-o1\" method=\"post\" class=\"wpcf7-form init\" aria-label=\"Kontakt-Formular\" novalidate=\"novalidate\" data-status=\"init\" data-trp-original-action=\"\/de\/wp-json\/wp\/v2\/pages\/16208#wpcf7-f16225-o1\">\n<fieldset class=\"hidden-fields-container\"><input type=\"hidden\" name=\"_wpcf7\" value=\"16225\" \/><input type=\"hidden\" name=\"_wpcf7_version\" value=\"6.1.3\" \/><input type=\"hidden\" name=\"_wpcf7_locale\" value=\"pt_PT\" \/><input type=\"hidden\" name=\"_wpcf7_unit_tag\" value=\"wpcf7-f16225-o1\" \/><input type=\"hidden\" name=\"_wpcf7_container_post\" value=\"0\" \/><input type=\"hidden\" name=\"_wpcf7_posted_data_hash\" value=\"\" \/>\n<\/fieldset>\n<div class=\"row\">\n\t<p class=\"col-md-6\"><label>Name<\/label><span class=\"wpcf7-form-control-wrap\" data-name=\"your-name\"><input size=\"40\" maxlength=\"400\" class=\"wpcf7-form-control wpcf7-text wpcf7-validates-as-required\" aria-required=\"true\" aria-invalid=\"false\" value=\"\" type=\"text\" name=\"your-name\" \/><\/span>\n\t<\/p>\n\t<p class=\"col-md-6\"><label>E-Mail<\/label><span class=\"wpcf7-form-control-wrap\" data-name=\"your-email\"><input size=\"40\" maxlength=\"400\" class=\"wpcf7-form-control wpcf7-email wpcf7-validates-as-required wpcf7-text wpcf7-validates-as-email\" aria-required=\"true\" aria-invalid=\"false\" value=\"\" type=\"email\" name=\"your-email\" \/><\/span>\n\t<\/p>\n<\/div>\n<div class=\"row\">\n\t<p class=\"col-md-6\"><label>Telefon<\/label><span class=\"wpcf7-form-control-wrap intl_tel-729\"><input class=\"wpcf7-form-control wpcf7-intl_tel wpcf7-intl-tel\" aria-invalid=\"false\" data-initialcountry=\"pt\" value=\"\" type=\"tel\" name=\"intl_tel-729-cf7it-national\" \/><input name=\"intl_tel-729\" type=\"hidden\" class=\"wpcf7-intl-tel-full\" \/><input type=\"hidden\" name=\"intl_tel-729-cf7it-country-name\" class=\"wpcf7-intl-tel-country-name\" \/><input type=\"hidden\" name=\"intl_tel-729-cf7it-country-code\" class=\"wpcf7-intl-tel-country-code\" \/><input type=\"hidden\" name=\"intl_tel-729-cf7it-country-iso2\" class=\"wpcf7-intl-tel-country-iso2\" \/><\/span>\n\t<\/p>\n\t<p class=\"col-md-6\"><label>Thema<\/label><span class=\"wpcf7-form-control-wrap\" data-name=\"your-option\"><select class=\"wpcf7-form-control wpcf7-select\" aria-invalid=\"false\" name=\"your-option\"><option value=\"Anivers\u00e1rios\">Geburtstage<\/option><option value=\"Eventos Empresariais\">Firmenveranstaltungen<\/option><option value=\"Eventos Particulares\">Private Veranstaltungen<\/option><option value=\"Outro\">Andere<\/option><\/select><\/span><br \/>\n<label id=\"other-option-field2\" class=\"hidden\">Schreiben Sie hier Ihr Thema<\/label><span class=\"wpcf7-form-control-wrap\" data-name=\"other-option\"><input size=\"40\" maxlength=\"400\" class=\"wpcf7-form-control wpcf7-text hidden\" id=\"other-option-field\" aria-invalid=\"false\" value=\"\" type=\"text\" name=\"other-option\" \/><\/span>\n\t<\/p>\n<\/div>\n<p><label>Nachricht<\/label><span class=\"wpcf7-form-control-wrap\" data-name=\"your-message\"><textarea cols=\"40\" rows=\"10\" maxlength=\"2000\" class=\"wpcf7-form-control wpcf7-textarea\" aria-invalid=\"false\" name=\"your-message\"><\/textarea><\/span>\n<\/p>\n<p><input class=\"wpcf7-form-control wpcf7-submit has-spinner btn-color-primary\" type=\"submit\" value=\"SENDEN\" \/>\n<\/p><div class=\"wpcf7-response-output\" aria-hidden=\"true\"><\/div>\n<input type=\"hidden\" name=\"trp-form-language\" value=\"de\"\/><\/form>\n<\/div>\n\t\t\t\t<\/div>\n\t\t\t\t<\/div>\n\t\t\t\t\t<\/div>\n\t\t\t\t<\/div>\n\t\t\t\t<\/div>","protected":false},"excerpt":{"rendered":"<p>Private Bootsfahrt zu den Benagil-H\u00f6hlen Entdecken Sie die nat\u00fcrliche Sch\u00f6nheit der ber\u00fchmten Benagil-H\u00f6hlen bei einer privaten Bootsfahrt.<\/p>","protected":false},"author":1,"featured_media":16192,"parent":0,"menu_order":0,"comment_status":"closed","ping_status":"closed","template":"","meta":{"_themeisle_gutenberg_block_has_review":false,"footnotes":""},"class_list":["post-16208","page","type-page","status-publish","has-post-thumbnail","hentry"],"yoast_head":"<!-- This site is optimized with the Yoast SEO plugin v26.4 - https:\/\/yoast.com\/wordpress\/plugins\/seo\/ -->\n<title>Passeio de Barco Privado - Diamond Tours<\/title>\n<meta name=\"description\" content=\"Descubra a beleza natural das famosas Grutas de Benagil com um passeio de barco privado. Navegue pelas \u00e1guas cristalinas da costa algarvia e explore as forma\u00e7\u00f5es rochosas impressionantes, incluindo a ic\u00f4nica caverna de Benagil, conhecida pelo seu deslumbrante teto aberto.\" \/>\n<meta name=\"robots\" content=\"index, follow, max-snippet:-1, max-image-preview:large, max-video-preview:-1\" \/>\n<link rel=\"canonical\" href=\"https:\/\/stage.diamondtours.pt\/de\/passeio-privado-de-barco\/\" \/>\n<meta property=\"og:locale\" content=\"de_DE\" \/>\n<meta property=\"og:type\" content=\"article\" \/>\n<meta property=\"og:title\" content=\"Passeio de Barco Privado - Diamond Tours\" \/>\n<meta property=\"og:description\" content=\"Descubra a beleza natural das famosas Grutas de Benagil com um passeio de barco privado. Navegue pelas \u00e1guas cristalinas da costa algarvia e explore as forma\u00e7\u00f5es rochosas impressionantes, incluindo a ic\u00f4nica caverna de Benagil, conhecida pelo seu deslumbrante teto aberto.\" \/>\n<meta property=\"og:url\" content=\"https:\/\/stage.diamondtours.pt\/de\/passeio-privado-de-barco\/\" \/>\n<meta property=\"og:site_name\" content=\"Diamond Tours\" \/>\n<meta property=\"article:modified_time\" content=\"2024-09-16T13:40:34+00:00\" \/>\n<meta property=\"og:image\" content=\"https:\/\/stage.diamondtours.pt\/wp-content\/uploads\/2024\/09\/bgbanner.jpg\" \/>\n\t<meta property=\"og:image:width\" content=\"1200\" \/>\n\t<meta property=\"og:image:height\" content=\"651\" \/>\n\t<meta property=\"og:image:type\" content=\"image\/jpeg\" \/>\n<meta name=\"twitter:card\" content=\"summary_large_image\" \/>\n<meta name=\"twitter:label1\" content=\"Gesch\u00e4tzte Lesezeit\" \/>\n\t<meta name=\"twitter:data1\" content=\"1\u00a0Minute\" \/>\n<script type=\"application\/ld+json\" class=\"yoast-schema-graph\">{\"@context\":\"https:\/\/schema.org\",\"@graph\":[{\"@type\":\"WebPage\",\"@id\":\"https:\/\/stage.diamondtours.pt\/passeio-privado-de-barco\/\",\"url\":\"https:\/\/stage.diamondtours.pt\/passeio-privado-de-barco\/\",\"name\":\"Passeio de Barco Privado - Diamond Tours\",\"isPartOf\":{\"@id\":\"https:\/\/stage.diamondtours.pt\/#website\"},\"primaryImageOfPage\":{\"@id\":\"https:\/\/stage.diamondtours.pt\/passeio-privado-de-barco\/#primaryimage\"},\"image\":{\"@id\":\"https:\/\/stage.diamondtours.pt\/passeio-privado-de-barco\/#primaryimage\"},\"thumbnailUrl\":\"https:\/\/stage.diamondtours.pt\/wp-content\/uploads\/2024\/09\/bgbanner.jpg\",\"datePublished\":\"2024-09-16T13:15:08+00:00\",\"dateModified\":\"2024-09-16T13:40:34+00:00\",\"description\":\"Descubra a beleza natural das famosas Grutas de Benagil com um passeio de barco privado. Navegue pelas \u00e1guas cristalinas da costa algarvia e explore as forma\u00e7\u00f5es rochosas impressionantes, incluindo a ic\u00f4nica caverna de Benagil, conhecida pelo seu deslumbrante teto aberto.\",\"breadcrumb\":{\"@id\":\"https:\/\/stage.diamondtours.pt\/passeio-privado-de-barco\/#breadcrumb\"},\"inLanguage\":\"de\",\"potentialAction\":[{\"@type\":\"ReadAction\",\"target\":[\"https:\/\/stage.diamondtours.pt\/passeio-privado-de-barco\/\"]}]},{\"@type\":\"ImageObject\",\"inLanguage\":\"de\",\"@id\":\"https:\/\/stage.diamondtours.pt\/passeio-privado-de-barco\/#primaryimage\",\"url\":\"https:\/\/stage.diamondtours.pt\/wp-content\/uploads\/2024\/09\/bgbanner.jpg\",\"contentUrl\":\"https:\/\/stage.diamondtours.pt\/wp-content\/uploads\/2024\/09\/bgbanner.jpg\",\"width\":1200,\"height\":651},{\"@type\":\"BreadcrumbList\",\"@id\":\"https:\/\/stage.diamondtours.pt\/passeio-privado-de-barco\/#breadcrumb\",\"itemListElement\":[{\"@type\":\"ListItem\",\"position\":1,\"name\":\"In\u00edcio\",\"item\":\"https:\/\/stage.diamondtours.pt\/\"},{\"@type\":\"ListItem\",\"position\":2,\"name\":\"Passeio de Barco Privado\"}]},{\"@type\":\"WebSite\",\"@id\":\"https:\/\/stage.diamondtours.pt\/#website\",\"url\":\"https:\/\/stage.diamondtours.pt\/\",\"name\":\"Diamond Tours\",\"description\":\"\",\"publisher\":{\"@id\":\"https:\/\/stage.diamondtours.pt\/#organization\"},\"potentialAction\":[{\"@type\":\"SearchAction\",\"target\":{\"@type\":\"EntryPoint\",\"urlTemplate\":\"https:\/\/stage.diamondtours.pt\/?s={search_term_string}\"},\"query-input\":{\"@type\":\"PropertyValueSpecification\",\"valueRequired\":true,\"valueName\":\"search_term_string\"}}],\"inLanguage\":\"de\"},{\"@type\":\"Organization\",\"@id\":\"https:\/\/stage.diamondtours.pt\/#organization\",\"name\":\"Diamond Tours\",\"url\":\"https:\/\/stage.diamondtours.pt\/\",\"logo\":{\"@type\":\"ImageObject\",\"inLanguage\":\"de\",\"@id\":\"https:\/\/stage.diamondtours.pt\/#\/schema\/logo\/image\/\",\"url\":\"https:\/\/stage.diamondtours.pt\/wp-content\/uploads\/2024\/06\/logo_boat-removebg.png\",\"contentUrl\":\"https:\/\/stage.diamondtours.pt\/wp-content\/uploads\/2024\/06\/logo_boat-removebg.png\",\"width\":261,\"height\":191,\"caption\":\"Diamond Tours\"},\"image\":{\"@id\":\"https:\/\/stage.diamondtours.pt\/#\/schema\/logo\/image\/\"}}]}<\/script>\n<!-- \/ Yoast SEO plugin. -->","yoast_head_json":{"title":"Private Bootsfahrt - Diamond Tours","description":"Entdecken Sie die nat\u00fcrliche Sch\u00f6nheit der ber\u00fchmten Benagil-H\u00f6hlen bei einer privaten Bootstour. Segeln Sie entlang des kristallklaren Wassers der Algarvek\u00fcste und erkunden Sie die beeindruckenden Felsformationen, darunter die ber\u00fchmte Benagil-H\u00f6hle, die f\u00fcr ihre atemberaubende offene Decke bekannt ist.","robots":{"index":"index","follow":"follow","max-snippet":"max-snippet:-1","max-image-preview":"max-image-preview:large","max-video-preview":"max-video-preview:-1"},"canonical":"https:\/\/stage.diamondtours.pt\/de\/passeio-privado-de-barco\/","og_locale":"de_DE","og_type":"article","og_title":"Passeio de Barco Privado - Diamond Tours","og_description":"Descubra a beleza natural das famosas Grutas de Benagil com um passeio de barco privado. Navegue pelas \u00e1guas cristalinas da costa algarvia e explore as forma\u00e7\u00f5es rochosas impressionantes, incluindo a ic\u00f4nica caverna de Benagil, conhecida pelo seu deslumbrante teto aberto.","og_url":"https:\/\/stage.diamondtours.pt\/de\/passeio-privado-de-barco\/","og_site_name":"Diamond Tours","article_modified_time":"2024-09-16T13:40:34+00:00","og_image":[{"width":1200,"height":651,"url":"https:\/\/stage.diamondtours.pt\/wp-content\/uploads\/2024\/09\/bgbanner.jpg","type":"image\/jpeg"}],"twitter_card":"summary_large_image","twitter_misc":{"Gesch\u00e4tzte Lesezeit":"1\u00a0Minute"},"schema":{"@context":"https:\/\/schema.org","@graph":[{"@type":"WebPage","@id":"https:\/\/stage.diamondtours.pt\/passeio-privado-de-barco\/","url":"https:\/\/stage.diamondtours.pt\/passeio-privado-de-barco\/","name":"Private Bootsfahrt - Diamond Tours","isPartOf":{"@id":"https:\/\/stage.diamondtours.pt\/#website"},"primaryImageOfPage":{"@id":"https:\/\/stage.diamondtours.pt\/passeio-privado-de-barco\/#primaryimage"},"image":{"@id":"https:\/\/stage.diamondtours.pt\/passeio-privado-de-barco\/#primaryimage"},"thumbnailUrl":"https:\/\/stage.diamondtours.pt\/wp-content\/uploads\/2024\/09\/bgbanner.jpg","datePublished":"2024-09-16T13:15:08+00:00","dateModified":"2024-09-16T13:40:34+00:00","description":"Entdecken Sie die nat\u00fcrliche Sch\u00f6nheit der ber\u00fchmten Benagil-H\u00f6hlen bei einer privaten Bootstour. Segeln Sie entlang des kristallklaren Wassers der Algarvek\u00fcste und erkunden Sie die beeindruckenden Felsformationen, darunter die ber\u00fchmte Benagil-H\u00f6hle, die f\u00fcr ihre atemberaubende offene Decke bekannt ist.","breadcrumb":{"@id":"https:\/\/stage.diamondtours.pt\/passeio-privado-de-barco\/#breadcrumb"},"inLanguage":"de","potentialAction":[{"@type":"ReadAction","target":["https:\/\/stage.diamondtours.pt\/passeio-privado-de-barco\/"]}]},{"@type":"ImageObject","inLanguage":"de","@id":"https:\/\/stage.diamondtours.pt\/passeio-privado-de-barco\/#primaryimage","url":"https:\/\/stage.diamondtours.pt\/wp-content\/uploads\/2024\/09\/bgbanner.jpg","contentUrl":"https:\/\/stage.diamondtours.pt\/wp-content\/uploads\/2024\/09\/bgbanner.jpg","width":1200,"height":651},{"@type":"BreadcrumbList","@id":"https:\/\/stage.diamondtours.pt\/passeio-privado-de-barco\/#breadcrumb","itemListElement":[{"@type":"ListItem","position":1,"name":"In\u00edcio","item":"https:\/\/stage.diamondtours.pt\/"},{"@type":"ListItem","position":2,"name":"Passeio de Barco Privado"}]},{"@type":"WebSite","@id":"https:\/\/stage.diamondtours.pt\/#website","url":"https:\/\/stage.diamondtours.pt\/","name":"Diamant-Touren","description":"","publisher":{"@id":"https:\/\/stage.diamondtours.pt\/#organization"},"potentialAction":[{"@type":"SearchAction","target":{"@type":"EntryPoint","urlTemplate":"https:\/\/stage.diamondtours.pt\/?s={search_term_string}"},"query-input":{"@type":"PropertyValueSpecification","valueRequired":true,"valueName":"search_term_string"}}],"inLanguage":"de"},{"@type":"Organization","@id":"https:\/\/stage.diamondtours.pt\/#organization","name":"Diamant-Touren","url":"https:\/\/stage.diamondtours.pt\/","logo":{"@type":"ImageObject","inLanguage":"de","@id":"https:\/\/stage.diamondtours.pt\/#\/schema\/logo\/image\/","url":"https:\/\/stage.diamondtours.pt\/wp-content\/uploads\/2024\/06\/logo_boat-removebg.png","contentUrl":"https:\/\/stage.diamondtours.pt\/wp-content\/uploads\/2024\/06\/logo_boat-removebg.png","width":261,"height":191,"caption":"Diamond Tours"},"image":{"@id":"https:\/\/stage.diamondtours.pt\/#\/schema\/logo\/image\/"}}]}},"_links":{"self":[{"href":"https:\/\/stage.diamondtours.pt\/de\/wp-json\/wp\/v2\/pages\/16208","targetHints":{"allow":["GET"]}}],"collection":[{"href":"https:\/\/stage.diamondtours.pt\/de\/wp-json\/wp\/v2\/pages"}],"about":[{"href":"https:\/\/stage.diamondtours.pt\/de\/wp-json\/wp\/v2\/types\/page"}],"author":[{"embeddable":true,"href":"https:\/\/stage.diamondtours.pt\/de\/wp-json\/wp\/v2\/users\/1"}],"replies":[{"embeddable":true,"href":"https:\/\/stage.diamondtours.pt\/de\/wp-json\/wp\/v2\/comments?post=16208"}],"version-history":[{"count":20,"href":"https:\/\/stage.diamondtours.pt\/de\/wp-json\/wp\/v2\/pages\/16208\/revisions"}],"predecessor-version":[{"id":16239,"href":"https:\/\/stage.diamondtours.pt\/de\/wp-json\/wp\/v2\/pages\/16208\/revisions\/16239"}],"wp:featuredmedia":[{"embeddable":true,"href":"https:\/\/stage.diamondtours.pt\/de\/wp-json\/wp\/v2\/media\/16192"}],"wp:attachment":[{"href":"https:\/\/stage.diamondtours.pt\/de\/wp-json\/wp\/v2\/media?parent=16208"}],"curies":[{"name":"wp","href":"https:\/\/api.w.org\/{rel}","templated":true}]}}